{"id":3,"date":"2022-01-20T11:33:00","date_gmt":"2022-01-20T10:33:00","guid":{"rendered":"https:\/\/educ-enjeux.fr\/?page_id=3"},"modified":"2022-01-25T17:08:37","modified_gmt":"2022-01-25T16:08:37","slug":"politique-de-confidentialite","status":"publish","type":"page","link":"https:\/\/educ-enjeux.fr\/?page_id=3","title":{"rendered":"Politique de confidentialit\u00e9"},"content":{"rendered":"\n<h2 class=\"wp-block-heading\"><strong>Article 1. Objet des donn\u00e9es.<\/strong><\/h2>\n\n\n\n<p>La SARL Educ-Enjeux ne conserve que deux cat\u00e9gories de donn\u00e9es personnelles :<\/p>\n\n\n\n<ul class=\"has-normal-font-size wp-block-list\"><li>Les donn\u00e9es n\u00e9cessaires \u00e0 la constitution d\u2019un fichier client : nom et pr\u00e9nom du commanditaire, adresse mail et num\u00e9ro de t\u00e9l\u00e9phone.<\/li><li>Les donn\u00e9es contenues dans les \u00e9changes mails avec la soci\u00e9t\u00e9 Educ-Enjeux, via une adresse E-Mail unique : contact@educ-enjeux.fr<br>La SARL Educ-Enjeux ne pratique aucun d\u00e9marchage commercial et n\u2019a donc recours \u00e0 aucune pratique de \u00ab mailing liste \u00bb.<br><\/li><\/ul>\n\n\n\n<h2 class=\"wp-block-heading\"><strong>Article 2. Localisation des donn\u00e9es et s\u00e9curit\u00e9.<\/strong><\/h2>\n\n\n\n<p>Les donn\u00e9es sont stock\u00e9es dans un fichier client unique, r\u00e9guli\u00e8rement mis \u00e0 jour. Seuls les noms, pr\u00e9noms, adresse E-mail et num\u00e9ro de t\u00e9l\u00e9phone du commanditaire y sont stock\u00e9s. Un syst\u00e8me de cloud s\u00e9curis\u00e9 permet le partage du fichier avec un deuxi\u00e8me appareil de type smartphone. Les syst\u00e8mes d\u2019exploitation des deux terminaux num\u00e9riques sont mis \u00e0 jour en temps r\u00e9el, \u00e0 des fins de s\u00e9curit\u00e9 et de protection des donn\u00e9es (antivirus, pare-feu,\u2026) <\/p>\n\n\n\n<p>Cas particuliers : les noms et pr\u00e9noms d\u2019autres personnels que le commanditaire sont occasionnellement utilis\u00e9s \u00e0 des fins de r\u00e9alisation d\u2019attestation de fin de formation. Ces donn\u00e9es personnelles sont imm\u00e9diatement d\u00e9truites apr\u00e8s impression ou transmission au demandeur.<\/p>\n\n\n\n<h2 class=\"wp-block-heading\"><strong>Article 3. Dur\u00e9e conservation des donn\u00e9es<\/strong><\/h2>\n\n\n\n<p>Dans un d\u00e9lai de 5 ans apr\u00e8s la fin du contrat, les donn\u00e9es du fichier client sont supprim\u00e9es. Les donn\u00e9es de facturation sont archiv\u00e9es et tenues \u00e0 disposition en cas de contr\u00f4le des autorit\u00e9s<br>de tutelle.<\/p>\n\n\n\n<h2 class=\"wp-block-heading\"><strong>Article 4. Acc\u00e8s aux donn\u00e9es personnelles et demande de suppression.<\/strong><\/h2>\n\n\n\n<p>Le d\u00e9lai susmentionn\u00e9 \u00e0 l\u2019article 4 peut \u00eatre r\u00e9duit par simple demande via l\u2019adresse E-Mail contact@educ-enjeux.fr<br>Toute personne ayant \u00e9chang\u00e9 des E-Mail avec Educ-Enjeux SARL peut en exiger copie et\/ou suppression totale ou partielle, sur simple demande via l\u2019adresse contact@educ-enjeux.fr<\/p>\n","protected":false},"excerpt":{"rendered":"<p>Article 1. Objet des donn\u00e9es. La SARL Educ-Enjeux ne conserve que deux cat\u00e9gories de donn\u00e9es personnelles : Les donn\u00e9es n\u00e9cessaires \u00e0 la constitution d\u2019un fichier client : nom et pr\u00e9nom du commanditaire, adresse mail et num\u00e9ro de\u2026<\/p>\n","protected":false},"author":2,"featured_media":0,"parent":0,"menu_order":0,"comment_status":"closed","ping_status":"open","template":"","meta":{"footnotes":""},"class_list":["post-3","page","type-page","status-publish","hentry"],"_links":{"self":[{"href":"https:\/\/educ-enjeux.fr\/index.php?rest_route=\/wp\/v2\/pages\/3","targetHints":{"allow":["GET"]}}],"collection":[{"href":"https:\/\/educ-enjeux.fr\/index.php?rest_route=\/wp\/v2\/pages"}],"about":[{"href":"https:\/\/educ-enjeux.fr\/index.php?rest_route=\/wp\/v2\/types\/page"}],"author":[{"embeddable":true,"href":"https:\/\/educ-enjeux.fr\/index.php?rest_route=\/wp\/v2\/users\/2"}],"replies":[{"embeddable":true,"href":"https:\/\/educ-enjeux.fr\/index.php?rest_route=%2Fwp%2Fv2%2Fcomments&post=3"}],"version-history":[{"count":3,"href":"https:\/\/educ-enjeux.fr\/index.php?rest_route=\/wp\/v2\/pages\/3\/revisions"}],"predecessor-version":[{"id":318,"href":"https:\/\/educ-enjeux.fr\/index.php?rest_route=\/wp\/v2\/pages\/3\/revisions\/318"}],"wp:attachment":[{"href":"https:\/\/educ-enjeux.fr\/index.php?rest_route=%2Fwp%2Fv2%2Fmedia&parent=3"}],"curies":[{"name":"wp","href":"https:\/\/api.w.org\/{rel}","templated":true}]}}