{"id":340,"date":"2022-02-28T13:02:26","date_gmt":"2022-02-28T12:02:26","guid":{"rendered":"https:\/\/educ-enjeux.fr\/?page_id=340"},"modified":"2025-02-02T20:15:07","modified_gmt":"2025-02-02T19:15:07","slug":"consultations","status":"publish","type":"page","link":"https:\/\/educ-enjeux.fr\/?page_id=340","title":{"rendered":"Consultations avec Herv\u00e9 Reiss"},"content":{"rendered":"\n<p>Veuillez prendre rendez-vous par t\u00e9l\u00e9phone pour un premier contact :&nbsp;<a rel=\"noreferrer noopener\" href=\"https:\/\/calendly.com\/hervereiss\/30min\" target=\"_blank\">cliquez ici<\/a><\/p>\n\n\n\n<ul class=\"wp-block-list\">\n<li>&nbsp;&nbsp;Consultations individuelles, familiales ou de couple.<\/li>\n\n\n\n<li>&nbsp;&nbsp;Accompagnement professionnels sur mesure : coaching, supervision&#8230;<\/li>\n\n\n\n<li>&nbsp;&nbsp;Supervision de cadre hi\u00e9rarchiques ou techniques (psychologues&#8230;)<\/li>\n\n\n\n<li>\u00a0\u00a0R\u00e9f\u00e9rentiel integratif : Education Sp\u00e9cialis\u00e9e, Systemie, Neuro-Systemie, Psychanalyse, Ing\u00e9nierie Sociale, Hypnose Ericksonnienne, Pnl, PLD, DIRE, Somatic Experiencing&#8230;<\/li>\n<\/ul>\n\n\n\n<p>Possibilit\u00e9 de travailler en visio pour la majorit\u00e9 des consultations.<\/p>\n\n\n\n<p>Plus de renseignements par t\u00e9l\u00e9phone !<\/p>\n\n\n\n<h2 class=\"wp-block-heading\"><strong>M\u00e9diation de la consommation<\/strong><\/h2>\n\n\n\n<p>Conform\u00e9ment aux dispositions des articles L 611-1 et R 612-1 et suivants du Code de la Consommation concernant le r\u00e8glement amiable des litiges : Lorsque le consommateur a adress\u00e9 une r\u00e9clamation \u00e9crite au professionnel et qu\u2019il n\u2019a pas obtenu satisfaction ou de r\u00e9ponse dans un d\u00e9lai de deux mois, il peut soumettre gratuitement sa r\u00e9clamation au m\u00e9diateur de la consommation. Le m\u00e9diateur doit \u00eatre saisi dans le d\u00e9lai maximal d\u2019un an \u00e0 compter de la r\u00e9clamation initiale.<\/p>\n\n\n\n<p>Le m\u00e9diateur MCP MEDIATION peut \u00eatre saisi directement en ligne \u00e0 l&rsquo;adresse suivante :&nbsp;<a href=\"http:\/\/www.mcpmediation.org\/\">www.mcpmediation.org<\/a>&nbsp;ou par courrier M\u00c9DIATION DE LA CONSOMMATION &amp; PATRIMOINE&nbsp;&#8211; <a>12 Square Desnouettes &#8211; 75015 PARIS<\/a><\/p>\n","protected":false},"excerpt":{"rendered":"<p>Veuillez prendre rendez-vous par t\u00e9l\u00e9phone pour un premier contact :&nbsp;cliquez ici Possibilit\u00e9 de travailler en visio pour la majorit\u00e9 des consultations. Plus de renseignements par t\u00e9l\u00e9phone ! M\u00e9diation de la consommation Conform\u00e9ment aux dispositions des articles L\u2026<\/p>\n","protected":false},"author":2,"featured_media":484,"parent":0,"menu_order":0,"comment_status":"closed","ping_status":"closed","template":"","meta":{"footnotes":""},"class_list":["post-340","page","type-page","status-publish","has-post-thumbnail","hentry"],"_links":{"self":[{"href":"https:\/\/educ-enjeux.fr\/index.php?rest_route=\/wp\/v2\/pages\/340","targetHints":{"allow":["GET"]}}],"collection":[{"href":"https:\/\/educ-enjeux.fr\/index.php?rest_route=\/wp\/v2\/pages"}],"about":[{"href":"https:\/\/educ-enjeux.fr\/index.php?rest_route=\/wp\/v2\/types\/page"}],"author":[{"embeddable":true,"href":"https:\/\/educ-enjeux.fr\/index.php?rest_route=\/wp\/v2\/users\/2"}],"replies":[{"embeddable":true,"href":"https:\/\/educ-enjeux.fr\/index.php?rest_route=%2Fwp%2Fv2%2Fcomments&post=340"}],"version-history":[{"count":10,"href":"https:\/\/educ-enjeux.fr\/index.php?rest_route=\/wp\/v2\/pages\/340\/revisions"}],"predecessor-version":[{"id":658,"href":"https:\/\/educ-enjeux.fr\/index.php?rest_route=\/wp\/v2\/pages\/340\/revisions\/658"}],"wp:featuredmedia":[{"embeddable":true,"href":"https:\/\/educ-enjeux.fr\/index.php?rest_route=\/wp\/v2\/media\/484"}],"wp:attachment":[{"href":"https:\/\/educ-enjeux.fr\/index.php?rest_route=%2Fwp%2Fv2%2Fmedia&parent=340"}],"curies":[{"name":"wp","href":"https:\/\/api.w.org\/{rel}","templated":true}]}}