{"id":81,"date":"2022-01-20T13:30:08","date_gmt":"2022-01-20T12:30:08","guid":{"rendered":"https:\/\/educ-enjeux.fr\/?page_id=81"},"modified":"2026-04-01T22:58:27","modified_gmt":"2026-04-01T20:58:27","slug":"outils","status":"publish","type":"page","link":"https:\/\/educ-enjeux.fr\/?page_id=81","title":{"rendered":"Outils"},"content":{"rendered":"\n<p>LIENS\/SUPPORTS<\/p>\n\n\n\n<figure class=\"wp-block-embed is-type-video is-provider-youtube wp-block-embed-youtube wp-embed-aspect-16-9 wp-has-aspect-ratio\"><div class=\"wp-block-embed__wrapper\">\n<iframe loading=\"lazy\" title=\"Trauma : gu\u00e9rir nos \u00e2mes bless\u00e9es - Dialogue avec Michel Schittecatte\" width=\"1032\" height=\"581\" src=\"https:\/\/www.youtube.com\/embed\/0zQjLy-f_Dg?start=94&#038;feature=oembed\" frameborder=\"0\" allow=\"accelerometer; autoplay; clipboard-write; encrypted-media; gyroscope; picture-in-picture; web-share\" referrerpolicy=\"strict-origin-when-cross-origin\" allowfullscreen><\/iframe>\n<\/div><\/figure>\n\n\n\n<p><\/p>\n\n\n\n<p><\/p>\n\n\n\n<p>ARTICLES :<\/p>\n\n\n\n<ul class=\"wp-block-list\">\n<li><a href=\"https:\/\/educ-enjeux.fr\/wp-content\/uploads\/2025\/02\/charte-daccueil-PLD.docx\">Charte d&rsquo;accueil<\/a><\/li>\n\n\n\n<li><a rel=\"noreferrer noopener\" href=\"https:\/\/www.canva.com\/design\/DAEvOu0w4Bs\/qVBgJZc4AZjjRPIzT3hVJg\/view?utm_content=DAEvOu0w4Bs&amp;utm_campaign=designshare&amp;utm_medium=link&amp;utm_source=sharebutton\" target=\"_blank\">Les fondamentaux du PACOR (Groupe SOS)<\/a><\/li>\n\n\n\n<li><a rel=\"noreferrer noopener\" href=\"https:\/\/educ-enjeux.fr\/wp-content\/uploads\/2022\/02\/forum-Civique.pdf\" target=\"_blank\">Forum civique<\/a><\/li>\n\n\n\n<li><a rel=\"noreferrer noopener\" href=\"https:\/\/educ-enjeux.fr\/wp-content\/uploads\/2022\/02\/EmotionsStrategies-de-survie-dans-les-ESMS.pdf\" target=\"_blank\">Emotions &amp; Strat\u00e9gies de survie dans les ESMS<\/a><\/li>\n\n\n\n<li><a rel=\"noreferrer noopener\" href=\"https:\/\/educ-enjeux.fr\/wp-content\/uploads\/2022\/10\/dimensions-individuelles-et-collectives-en-institution-acte-de-la-conference-du-19-novembre-2021-a-STRASBOURG.pdf\" target=\"_blank\">Dimensions individuelles et collectives <\/a><\/li>\n\n\n\n<li><a href=\"https:\/\/educ-enjeux.fr\/wp-content\/uploads\/2025\/05\/rd-ind-pdf.pdf\">Rendez-vous individuel<\/a><\/li>\n\n\n\n<li><a href=\"https:\/\/educ-enjeux.fr\/wp-content\/uploads\/2024\/05\/interventions-educ-enjeux.pdf\">Interventions<\/a><\/li>\n\n\n\n<li><a href=\"https:\/\/educ-enjeux.fr\/wp-content\/uploads\/2026\/04\/3-vases.pdf\">Les 3 Vases ou le Tri S\u00e9lectif<\/a><\/li>\n<\/ul>\n\n\n\n<hr class=\"wp-block-separator has-text-color has-sitetext-color has-css-opacity has-sitetext-background-color has-background is-style-wide\"\/>\n\n\n\n<ul class=\"wp-block-list\">\n<li><a href=\"https:\/\/educ-enjeux.fr\/wp-content\/uploads\/2025\/05\/LIVRET-Daccueil.pdf\">Livret d&rsquo;Accuei<\/a>l<\/li>\n\n\n\n<li><a href=\"https:\/\/educ-enjeux.fr\/wp-content\/uploads\/2022\/02\/ordre_du_jour_et_compte_rendu_de_reunion.docx\" target=\"_blank\" rel=\"noreferrer noopener\">Ordre du jour et Compte rendu de r\u00e9union (.docx)<\/a><\/li>\n\n\n\n<li><a href=\"https:\/\/educ-enjeux.fr\/wp-content\/uploads\/2022\/02\/blason_a3.doc\" target=\"_blank\" rel=\"noreferrer noopener\">Blason A3<\/a><\/li>\n\n\n\n<li><a href=\"https:\/\/educ-enjeux.fr\/wp-content\/uploads\/2022\/02\/procedure_vivante.docx\" target=\"_blank\" rel=\"noreferrer noopener\">Proc\u00e9dure Vivante (.docx)<\/a><\/li>\n\n\n\n<li><a href=\"https:\/\/educ-enjeux.fr\/wp-content\/uploads\/2022\/02\/entretiens_professionnels_individuels.doc\" target=\"_blank\" rel=\"noreferrer noopener\">Entretiens professionnels individuels<\/a><\/li>\n\n\n\n<li><a href=\"https:\/\/educ-enjeux.fr\/wp-content\/uploads\/2022\/02\/Axes-hedogenes-et-nociceptifs.pdf\" target=\"_blank\" rel=\"noreferrer noopener\">Axes hedogenes et nociceptifs<\/a><\/li>\n\n\n\n<li><a href=\"https:\/\/educ-enjeux.fr\/wp-content\/uploads\/2022\/02\/bibliographie-selective.pdf\" target=\"_blank\" rel=\"noreferrer noopener\">Bibliographie s\u00e9lective<\/a><\/li>\n\n\n\n<li><a href=\"https:\/\/educ-enjeux.fr\/wp-content\/uploads\/2022\/03\/emargement-educ-enjeux-.pdf\" target=\"_blank\" rel=\"noreferrer noopener\">Emargement type<\/a><\/li>\n\n\n\n<li><a href=\"https:\/\/educ-enjeux.fr\/wp-content\/uploads\/2022\/02\/Exemple-de-Protocole-Sanction.pdf\" target=\"_blank\" rel=\"noreferrer noopener\">Exemple de Protocole Sanction<\/a><\/li>\n\n\n\n<li><a href=\"https:\/\/educ-enjeux.fr\/wp-content\/uploads\/2022\/02\/fiche-rencontre.doc\" target=\"_blank\" rel=\"noreferrer noopener\">Fiche rencontre<\/a><\/li>\n\n\n\n<li><a href=\"https:\/\/educ-enjeux.fr\/wp-content\/uploads\/2022\/02\/fonctions-executives-CRFNA.BE_.pdf\" target=\"_blank\" rel=\"noreferrer noopener\">Fonctions executives &#8211; CRFNA.BE<\/a><\/li>\n\n\n\n<li><a href=\"https:\/\/educ-enjeux.fr\/wp-content\/uploads\/2022\/02\/grille-contextuelle-des-souffrances-adultes.docx\" target=\"_blank\" rel=\"noreferrer noopener\">Grille contextuelle des souffrances adultes<\/a><\/li>\n\n\n\n<li><a href=\"https:\/\/educ-enjeux.fr\/wp-content\/uploads\/2022\/02\/grille-contextuelle-des-souffrances-parents.docx\" target=\"_blank\" rel=\"noreferrer noopener\">Grille contextuelle des souffrances parents<\/a><\/li>\n\n\n\n<li><a href=\"https:\/\/educ-enjeux.fr\/wp-content\/uploads\/2022\/02\/Grille-contextuelle-des-souffrances-en-familles-daccueil.doc\" target=\"_blank\" rel=\"noreferrer noopener\">Grille contextuelle des souffrances en familles d&rsquo;accueil<\/a><\/li>\n\n\n\n<li><a href=\"https:\/\/educ-enjeux.fr\/wp-content\/uploads\/2022\/02\/Grille-Ressources-Professionnels.docx\" target=\"_blank\" rel=\"noreferrer noopener\">Grille Ressources Professionnels<\/a><\/li>\n\n\n\n<li><a href=\"https:\/\/educ-enjeux.fr\/wp-content\/uploads\/2022\/02\/Processus-Developpemental.pdf\" target=\"_blank\" rel=\"noreferrer noopener\">Processus D\u00e9veloppemental<\/a><\/li>\n\n\n\n<li><a href=\"https:\/\/educ-enjeux.fr\/wp-content\/uploads\/2022\/02\/Sablier-PPA.docx\" target=\"_blank\" rel=\"noreferrer noopener\">Sablier PPA<\/a><\/li>\n\n\n\n<li><a href=\"https:\/\/educ-enjeux.fr\/wp-content\/uploads\/2022\/02\/TRYPTIQUE-traitement-institutionnel-de-la-transgression.pdf\" target=\"_blank\" rel=\"noreferrer noopener\">TRYPTIQUE, traitement institutionnel de la transgression<\/a><\/li>\n\n\n\n<li><a href=\"https:\/\/educ-enjeux.fr\/wp-content\/uploads\/2022\/02\/cadrage-reponses-institutionnelles-a-la-transgression.pdf\" target=\"_blank\" rel=\"noreferrer noopener\">cadrage, r\u00e9ponses institutionnelles \u00e0 la transgression<\/a><\/li>\n\n\n\n<li><a href=\"https:\/\/educ-enjeux.fr\/wp-content\/uploads\/2022\/02\/15-fondamentaux-PLD.pdf\" target=\"_blank\" rel=\"noreferrer noopener\">15 fondamentaux PLD<\/a><\/li>\n\n\n\n<li><a href=\"https:\/\/educ-enjeux.fr\/wp-content\/uploads\/2024\/05\/LE-CERCLE-VERSION-1.pdf\">Cercle du Bien-Etre V1 (r\u00e9alis\u00e9 par M. Rafik MEGUENANI Dispositif C\u00e8dre 88)<\/a><\/li>\n\n\n\n<li><a href=\"https:\/\/educ-enjeux.fr\/wp-content\/uploads\/2024\/05\/LE-CERCLE-VERSION-2.pdf\">Cercle du Bien-Etre V2 (r\u00e9alis\u00e9 par M. Rafik MEGUENANI Dispositif C\u00e8dre 88)<\/a><\/li>\n\n\n\n<li><a href=\"https:\/\/educ-enjeux.fr\/wp-content\/uploads\/2025\/02\/regles-et-principes-machine-a-penser-educ-enjeux.docx\">R\u00e8gles et principes pour Machine \u00e0 Penser<\/a><\/li>\n\n\n\n<li><a href=\"https:\/\/educ-enjeux.fr\/wp-content\/uploads\/2025\/09\/socle-de-securite-cotation.docx\">Management et Socle de S\u00e9curit\u00e9 : outil de cotation<\/a><\/li>\n\n\n\n<li><a href=\"https:\/\/educ-enjeux.fr\/wp-content\/uploads\/2025\/09\/socle-de-securite_graphique.xlsx\">Management et Socle de S\u00e9curit\u00e9 : outil graphique (r\u00e9alis\u00e9 par les \u00e9quipes de la Fondation Sombaille Jeunesse &#8211; Jeanne-Antide (Suisse))<\/a><\/li>\n\n\n\n<li><\/li>\n<\/ul>\n\n\n\n<h2 class=\"wp-block-heading\"><\/h2>\n\n\n\n<h2 class=\"wp-block-heading\"><\/h2>\n\n\n\n<h2 class=\"wp-block-heading\"><\/h2>\n\n\n\n<p><\/p>\n\n\n\n<p><\/p>\n\n\n\n<hr class=\"wp-block-separator has-text-color has-sitetext-color has-css-opacity has-sitetext-background-color has-background is-style-wide\"\/>\n\n\n\n<p>DIAPORAMAS :<img loading=\"lazy\" decoding=\"async\" width=\"10\" height=\"10\" src=\"http:\/\/www.educ-enjeux.fr\/image\/puce_vert.gif\" alt=\"\"><\/p>\n\n\n\n<ul class=\"wp-block-list\">\n<li><a rel=\"noreferrer noopener\" href=\"https:\/\/educ-enjeux.fr\/wp-content\/uploads\/2022\/02\/corbeille.pdf\" target=\"_blank\">PDF Corbeille<\/a><\/li>\n\n\n\n<li><a rel=\"noreferrer noopener\" href=\"https:\/\/educ-enjeux.fr\/wp-content\/uploads\/2022\/02\/cartographie.pdf\" target=\"_blank\">PDF Cartographie<\/a><\/li>\n\n\n\n<li><a rel=\"noreferrer noopener\" href=\"https:\/\/educ-enjeux.fr\/wp-content\/uploads\/2022\/02\/Les-Forums-Civiques.pdf\" target=\"_blank\">PDF Forums Civiques<\/a><\/li>\n\n\n\n<li><a rel=\"noreferrer noopener\" href=\"https:\/\/educ-enjeux.fr\/wp-content\/uploads\/2022\/02\/PP-EE-familles.pdf\" target=\"_blank\">PDF EE travail avec les familles<\/a><\/li>\n\n\n\n<li><a href=\"https:\/\/educ-enjeux.fr\/wp-content\/uploads\/2023\/02\/PP-5J.pdf\">PDF intro PLD <\/a><\/li>\n\n\n\n<li><a href=\"https:\/\/educ-enjeux.fr\/wp-content\/uploads\/2023\/02\/PP-5Jl.pptx\" target=\"_blank\" rel=\"noreferrer noopener\">Diaporama PP intro PLD<\/a><\/li>\n\n\n\n<li><a href=\"https:\/\/educ-enjeux.fr\/wp-content\/uploads\/2026\/01\/PP-Transgression-PLD.pptx\">Diaporama Transgression<\/a><\/li>\n\n\n\n<li><a href=\"https:\/\/educ-enjeux.fr\/wp-content\/uploads\/2026\/01\/pdf-transgression.pdf\">PDF Transgression<\/a><\/li>\n\n\n\n<li><a href=\"https:\/\/educ-enjeux.fr\/wp-content\/uploads\/2026\/01\/PPPLD-Fondamentauxsv.pptx\">PP Fondamentaux<\/a><\/li>\n\n\n\n<li><a href=\"https:\/\/educ-enjeux.fr\/wp-content\/uploads\/2026\/01\/PPPdffondamentaux.pdf\">PDF Fondamentaux <\/a><\/li>\n<\/ul>\n\n\n\n<p><\/p>\n\n\n\n<hr class=\"wp-block-separator has-text-color has-sitetext-color has-css-opacity has-sitetext-background-color has-background is-style-wide\"\/>\n\n\n\n<p>EXEMPLES DE PROGRAMMES DE FORMATION :<img loading=\"lazy\" decoding=\"async\" width=\"10\" height=\"10\" src=\"http:\/\/www.educ-enjeux.fr\/image\/puce_vert.gif\" alt=\"\"><\/p>\n\n\n\n<ul class=\"wp-block-list\">\n<li><a href=\"https:\/\/educ-enjeux.fr\/wp-content\/uploads\/2024\/05\/programme-PLD-Qualiopi.docx\" target=\"_blank\" rel=\"noreferrer noopener\">Introduction PLD 5 jours + 1<\/a><\/li>\n\n\n\n<li><a href=\"https:\/\/educ-enjeux.fr\/wp-content\/uploads\/2022\/02\/programme-Formation-Longue-Lien-Developpemental-et-Bientraitance.pdf\">PLD Formation Longue<\/a> 20 jours + 10 demi-Journ\u00e9es<\/li>\n\n\n\n<li><a href=\"https:\/\/educ-enjeux.fr\/wp-content\/uploads\/2022\/02\/programme-cadres.pdf\">Accompagnement \u00e0 l&rsquo;Accompagnement : programme pour les Cadres et la Direction<\/a> 10 Jours<\/li>\n\n\n\n<li>Les Ecrits Professionnels : 2 jours + 2 jours<\/li>\n\n\n\n<li>La Relation d&rsquo;Aide dans un contexte multi-contraint 2 jours + 2 jours<\/li>\n\n\n\n<li>La r\u00e9union de jeunes : le Forum Civique 2 jours + 2 jours<\/li>\n\n\n\n<li>Les R\u00e9ponses Institutionnelles \u00e0 la Transgression 2 jours <\/li>\n\n\n\n<li>Les Outils de l&rsquo;Apaisement 2 jours<\/li>\n\n\n\n<li>M\u00e9thodologie et Outils d&rsquo;Analyse de Situation Professionnelle 10 jours<\/li>\n\n\n\n<li><a href=\"https:\/\/educ-enjeux.fr\/wp-content\/uploads\/2024\/05\/fiche-formation-systemie.docx\">Formation de Base en Approche Syst\u00e9mique :<\/a> 4 jours<\/li>\n\n\n\n<li>Sortir de la Crise Clastique sans monter en Sym\u00e9trie 2 jours + 2 jours<\/li>\n\n\n\n<li>&#8230; Sur demande &#8230;<\/li>\n<\/ul>\n\n\n\n<p><\/p>\n\n\n\n<p><\/p>\n","protected":false},"excerpt":{"rendered":"<p>LIENS\/SUPPORTS ARTICLES : DIAPORAMAS : EXEMPLES DE PROGRAMMES DE FORMATION :<\/p>\n","protected":false},"author":2,"featured_media":477,"parent":0,"menu_order":0,"comment_status":"closed","ping_status":"closed","template":"","meta":{"footnotes":""},"class_list":["post-81","page","type-page","status-publish","has-post-thumbnail","hentry"],"_links":{"self":[{"href":"https:\/\/educ-enjeux.fr\/index.php?rest_route=\/wp\/v2\/pages\/81","targetHints":{"allow":["GET"]}}],"collection":[{"href":"https:\/\/educ-enjeux.fr\/index.php?rest_route=\/wp\/v2\/pages"}],"about":[{"href":"https:\/\/educ-enjeux.fr\/index.php?rest_route=\/wp\/v2\/types\/page"}],"author":[{"embeddable":true,"href":"https:\/\/educ-enjeux.fr\/index.php?rest_route=\/wp\/v2\/users\/2"}],"replies":[{"embeddable":true,"href":"https:\/\/educ-enjeux.fr\/index.php?rest_route=%2Fwp%2Fv2%2Fcomments&post=81"}],"version-history":[{"count":76,"href":"https:\/\/educ-enjeux.fr\/index.php?rest_route=\/wp\/v2\/pages\/81\/revisions"}],"predecessor-version":[{"id":738,"href":"https:\/\/educ-enjeux.fr\/index.php?rest_route=\/wp\/v2\/pages\/81\/revisions\/738"}],"wp:featuredmedia":[{"embeddable":true,"href":"https:\/\/educ-enjeux.fr\/index.php?rest_route=\/wp\/v2\/media\/477"}],"wp:attachment":[{"href":"https:\/\/educ-enjeux.fr\/index.php?rest_route=%2Fwp%2Fv2%2Fmedia&parent=81"}],"curies":[{"name":"wp","href":"https:\/\/api.w.org\/{rel}","templated":true}]}}